{"id":12,"date":"2025-05-30T09:41:20","date_gmt":"2025-05-30T09:41:20","guid":{"rendered":"https:\/\/agpeluqueria.rkinformatika.online\/?page_id=12"},"modified":"2025-05-30T11:59:12","modified_gmt":"2025-05-30T11:59:12","slug":"servicios","status":"publish","type":"page","link":"https:\/\/agpeluqueria.com\/eu\/servicios\/","title":{"rendered":"Zerbitzuak"},"content":{"rendered":"<div data-elementor-type=\"wp-page\" data-elementor-id=\"12\" class=\"elementor elementor-12\" data-elementor-post-type=\"page\">\n\t\t\t\t<div class=\"elementor-element elementor-element-7323d27 e-flex e-con-boxed e-con e-parent\" data-id=\"7323d27\" data-element_type=\"container\" data-e-type=\"container\" data-settings=\"{&quot;background_background&quot;:&quot;classic&quot;}\">\n\t\t\t\t\t<div class=\"e-con-inner\">\n\t\t\t\t<div class=\"elementor-element elementor-element-bebcbb4 elementor-invisible elementor-widget elementor-widget-heading\" data-id=\"bebcbb4\" data-element_type=\"widget\" data-e-type=\"widget\" data-settings=\"{&quot;_animation&quot;:&quot;fadeInLeft&quot;}\" data-widget_type=\"heading.default\">\n\t\t\t\t<div class=\"elementor-widget-container\">\n\t\t\t\t\t<h2 class=\"elementor-heading-title elementor-size-default\">Zerbitzuak<\/h2>\t\t\t\t<\/div>\n\t\t\t\t<\/div>\n\t\t\t\t\t<\/div>\n\t\t\t\t<\/div>\n\t\t<div class=\"elementor-element elementor-element-0435377 e-flex e-con-boxed e-con e-parent\" data-id=\"0435377\" data-element_type=\"container\" data-e-type=\"container\" data-settings=\"{&quot;background_background&quot;:&quot;classic&quot;}\">\n\t\t\t\t\t<div class=\"e-con-inner\">\n\t\t<div class=\"elementor-element elementor-element-6919d24 e-con-full e-flex e-con e-child\" data-id=\"6919d24\" data-element_type=\"container\" data-e-type=\"container\" data-settings=\"{&quot;background_background&quot;:&quot;classic&quot;}\">\n\t\t<div class=\"elementor-element elementor-element-d5b9d55 e-con-full e-flex e-con e-child\" data-id=\"d5b9d55\" data-element_type=\"container\" data-e-type=\"container\" data-settings=\"{&quot;background_background&quot;:&quot;classic&quot;}\">\n\t\t\t\t<div class=\"elementor-element elementor-element-da6d444 elementor-widget elementor-widget-heading\" data-id=\"da6d444\" data-element_type=\"widget\" data-e-type=\"widget\" data-widget_type=\"heading.default\">\n\t\t\t\t<div class=\"elementor-widget-container\">\n\t\t\t\t\t<h2 class=\"elementor-heading-title elementor-size-default\">Corte de Caballero<\/h2>\t\t\t\t<\/div>\n\t\t\t\t<\/div>\n\t\t\t\t<div class=\"elementor-element elementor-element-0934dfd elementor-widget elementor-widget-text-editor\" data-id=\"0934dfd\" data-element_type=\"widget\" data-e-type=\"widget\" data-widget_type=\"text-editor.default\">\n\t\t\t\t<div class=\"elementor-widget-container\">\n\t\t\t\t\t\t\t\t\t<p>Cortes modernos, cl\u00e1sicos o personalizados. Trabajamos con precisi\u00f3n para resaltar tus rasgos y mantener tu estilo fresco y actual.<\/p>\t\t\t\t\t\t\t\t<\/div>\n\t\t\t\t<\/div>\n\t\t\t\t<\/div>\n\t\t\t\t<\/div>\n\t\t<div class=\"elementor-element elementor-element-424de06 e-con-full e-flex e-con e-child\" data-id=\"424de06\" data-element_type=\"container\" data-e-type=\"container\" data-settings=\"{&quot;background_background&quot;:&quot;classic&quot;}\">\n\t\t<div class=\"elementor-element elementor-element-740ebe9 e-con-full e-flex e-con e-child\" data-id=\"740ebe9\" data-element_type=\"container\" data-e-type=\"container\" data-settings=\"{&quot;background_background&quot;:&quot;classic&quot;}\">\n\t\t\t\t<div class=\"elementor-element elementor-element-b0cbcf0 elementor-widget elementor-widget-heading\" data-id=\"b0cbcf0\" data-element_type=\"widget\" data-e-type=\"widget\" data-widget_type=\"heading.default\">\n\t\t\t\t<div class=\"elementor-widget-container\">\n\t\t\t\t\t<h2 class=\"elementor-heading-title elementor-size-default\">Corte para Dama<\/h2>\t\t\t\t<\/div>\n\t\t\t\t<\/div>\n\t\t\t\t<div class=\"elementor-element elementor-element-1887077 elementor-widget elementor-widget-text-editor\" data-id=\"1887077\" data-element_type=\"widget\" data-e-type=\"widget\" data-widget_type=\"text-editor.default\">\n\t\t\t\t<div class=\"elementor-widget-container\">\n\t\t\t\t\t\t\t\t\t<p>Desde looks atrevidos hasta estilos elegantes. Escuchamos lo que quieres y te asesoramos para encontrar el corte que mejor te sienta.<\/p>\t\t\t\t\t\t\t\t<\/div>\n\t\t\t\t<\/div>\n\t\t\t\t<\/div>\n\t\t\t\t<\/div>\n\t\t<div class=\"elementor-element elementor-element-5a01a89 e-con-full e-flex e-con e-child\" data-id=\"5a01a89\" data-element_type=\"container\" data-e-type=\"container\" data-settings=\"{&quot;background_background&quot;:&quot;classic&quot;}\">\n\t\t<div class=\"elementor-element elementor-element-74608e4 e-con-full e-flex e-con e-child\" data-id=\"74608e4\" data-element_type=\"container\" data-e-type=\"container\" data-settings=\"{&quot;background_background&quot;:&quot;classic&quot;}\">\n\t\t\t\t<div class=\"elementor-element elementor-element-8cf0354 elementor-widget elementor-widget-heading\" data-id=\"8cf0354\" data-element_type=\"widget\" data-e-type=\"widget\" data-widget_type=\"heading.default\">\n\t\t\t\t<div class=\"elementor-widget-container\">\n\t\t\t\t\t<h2 class=\"elementor-heading-title elementor-size-default\">Corte Infantil<\/h2>\t\t\t\t<\/div>\n\t\t\t\t<\/div>\n\t\t\t\t<div class=\"elementor-element elementor-element-16113bd elementor-widget elementor-widget-text-editor\" data-id=\"16113bd\" data-element_type=\"widget\" data-e-type=\"widget\" data-widget_type=\"text-editor.default\">\n\t\t\t\t<div class=\"elementor-widget-container\">\n\t\t\t\t\t\t\t\t\t<p>Cortes para ni\u00f1o o ni\u00f1a en un ambiente amable y paciente. Sabemos c\u00f3mo hacer que se sientan c\u00f3modos y felices con su nuevo look.<\/p>\t\t\t\t\t\t\t\t<\/div>\n\t\t\t\t<\/div>\n\t\t\t\t<\/div>\n\t\t\t\t<\/div>\n\t\t<div class=\"elementor-element elementor-element-2382909 e-con-full e-flex e-con e-child\" data-id=\"2382909\" data-element_type=\"container\" data-e-type=\"container\" data-settings=\"{&quot;background_background&quot;:&quot;classic&quot;}\">\n\t\t<div class=\"elementor-element elementor-element-c94680f e-con-full e-flex e-con e-child\" data-id=\"c94680f\" data-element_type=\"container\" data-e-type=\"container\" data-settings=\"{&quot;background_background&quot;:&quot;classic&quot;}\">\n\t\t\t\t<div class=\"elementor-element elementor-element-41db275 elementor-widget elementor-widget-heading\" data-id=\"41db275\" data-element_type=\"widget\" data-e-type=\"widget\" data-widget_type=\"heading.default\">\n\t\t\t\t<div class=\"elementor-widget-container\">\n\t\t\t\t\t<h2 class=\"elementor-heading-title elementor-size-default\">Colorimetr\u00eda y Tintes<\/h2>\t\t\t\t<\/div>\n\t\t\t\t<\/div>\n\t\t\t\t<div class=\"elementor-element elementor-element-5b3919a elementor-widget elementor-widget-text-editor\" data-id=\"5b3919a\" data-element_type=\"widget\" data-e-type=\"widget\" data-widget_type=\"text-editor.default\">\n\t\t\t\t<div class=\"elementor-widget-container\">\n\t\t\t\t\t\t\t\t\t<p>Expertos en coloraci\u00f3n personalizada. Analizamos tu tono de piel y estilo para encontrar el color perfecto. Utilizamos productos de calidad para cuidar tu cabello.<\/p>\t\t\t\t\t\t\t\t<\/div>\n\t\t\t\t<\/div>\n\t\t\t\t<\/div>\n\t\t\t\t<\/div>\n\t\t<div class=\"elementor-element elementor-element-feb21ea e-con-full e-flex e-con e-child\" data-id=\"feb21ea\" data-element_type=\"container\" data-e-type=\"container\" data-settings=\"{&quot;background_background&quot;:&quot;classic&quot;}\">\n\t\t<div class=\"elementor-element elementor-element-6086a1e e-con-full e-flex e-con e-child\" data-id=\"6086a1e\" data-element_type=\"container\" data-e-type=\"container\" data-settings=\"{&quot;background_background&quot;:&quot;classic&quot;}\">\n\t\t\t\t<div class=\"elementor-element elementor-element-774a6fd elementor-widget elementor-widget-heading\" data-id=\"774a6fd\" data-element_type=\"widget\" data-e-type=\"widget\" data-widget_type=\"heading.default\">\n\t\t\t\t<div class=\"elementor-widget-container\">\n\t\t\t\t\t<h2 class=\"elementor-heading-title elementor-size-default\">T\u00e9cnicas de Mechas<\/h2>\t\t\t\t<\/div>\n\t\t\t\t<\/div>\n\t\t\t\t<div class=\"elementor-element elementor-element-fedd33d elementor-widget elementor-widget-text-editor\" data-id=\"fedd33d\" data-element_type=\"widget\" data-e-type=\"widget\" data-widget_type=\"text-editor.default\">\n\t\t\t\t<div class=\"elementor-widget-container\">\n\t\t\t\t\t\t\t\t\t<p>Balayage, babylights, californianas y m\u00e1s. Aportamos luz, profundidad y movimiento a tu melena con t\u00e9cnicas profesionales y acabados naturales.<\/p>\t\t\t\t\t\t\t\t<\/div>\n\t\t\t\t<\/div>\n\t\t\t\t<\/div>\n\t\t\t\t<\/div>\n\t\t<div class=\"elementor-element elementor-element-5fd8705 e-con-full e-flex e-con e-child\" data-id=\"5fd8705\" data-element_type=\"container\" data-e-type=\"container\" data-settings=\"{&quot;background_background&quot;:&quot;classic&quot;}\">\n\t\t<div class=\"elementor-element elementor-element-17c1711 e-con-full e-flex e-con e-child\" data-id=\"17c1711\" data-element_type=\"container\" data-e-type=\"container\" data-settings=\"{&quot;background_background&quot;:&quot;classic&quot;}\">\n\t\t\t\t<div class=\"elementor-element elementor-element-21dd04d elementor-widget elementor-widget-heading\" data-id=\"21dd04d\" data-element_type=\"widget\" data-e-type=\"widget\" data-widget_type=\"heading.default\">\n\t\t\t\t<div class=\"elementor-widget-container\">\n\t\t\t\t\t<h2 class=\"elementor-heading-title elementor-size-default\">Peinado y Planchado<\/h2>\t\t\t\t<\/div>\n\t\t\t\t<\/div>\n\t\t\t\t<div class=\"elementor-element elementor-element-c0f5e5e elementor-widget elementor-widget-text-editor\" data-id=\"c0f5e5e\" data-element_type=\"widget\" data-e-type=\"widget\" data-widget_type=\"text-editor.default\">\n\t\t\t\t<div class=\"elementor-widget-container\">\n\t\t\t\t\t\t\t\t\t<p>Ideal para eventos, ocasiones especiales o simplemente para verte espectacular. Desde ondas suaves hasta alisados pulidos, t\u00fa eliges el estilo.<\/p>\t\t\t\t\t\t\t\t<\/div>\n\t\t\t\t<\/div>\n\t\t\t\t<\/div>\n\t\t\t\t<\/div>\n\t\t<div class=\"elementor-element elementor-element-0e0ea43 e-con-full e-flex e-con e-child\" data-id=\"0e0ea43\" data-element_type=\"container\" data-e-type=\"container\" data-settings=\"{&quot;background_background&quot;:&quot;classic&quot;}\">\n\t\t<div class=\"elementor-element elementor-element-5fd4e78 e-con-full e-flex e-con e-child\" data-id=\"5fd4e78\" data-element_type=\"container\" data-e-type=\"container\" data-settings=\"{&quot;background_background&quot;:&quot;classic&quot;}\">\n\t\t\t\t<div class=\"elementor-element elementor-element-85432fa elementor-widget elementor-widget-heading\" data-id=\"85432fa\" data-element_type=\"widget\" data-e-type=\"widget\" data-widget_type=\"heading.default\">\n\t\t\t\t<div class=\"elementor-widget-container\">\n\t\t\t\t\t<h2 class=\"elementor-heading-title elementor-size-default\">Tratamientos Capilares<\/h2>\t\t\t\t<\/div>\n\t\t\t\t<\/div>\n\t\t\t\t<div class=\"elementor-element elementor-element-b3b158d elementor-widget elementor-widget-text-editor\" data-id=\"b3b158d\" data-element_type=\"widget\" data-e-type=\"widget\" data-widget_type=\"text-editor.default\">\n\t\t\t\t<div class=\"elementor-widget-container\">\n\t\t\t\t\t\t\t\t\t<p>Nutrici\u00f3n, hidrataci\u00f3n y reparaci\u00f3n profunda. Tratamientos personalizados seg\u00fan las necesidades de tu cabello.<\/p>\t\t\t\t\t\t\t\t<\/div>\n\t\t\t\t<\/div>\n\t\t\t\t<\/div>\n\t\t\t\t<\/div>\n\t\t<div class=\"elementor-element elementor-element-1ad1cef e-con-full e-flex e-con e-child\" data-id=\"1ad1cef\" data-element_type=\"container\" data-e-type=\"container\" data-settings=\"{&quot;background_background&quot;:&quot;classic&quot;}\">\n\t\t<div class=\"elementor-element elementor-element-7dd2e22 e-con-full e-flex e-con e-child\" data-id=\"7dd2e22\" data-element_type=\"container\" data-e-type=\"container\" data-settings=\"{&quot;background_background&quot;:&quot;classic&quot;}\">\n\t\t\t\t<div class=\"elementor-element elementor-element-0cba0ed elementor-widget elementor-widget-heading\" data-id=\"0cba0ed\" data-element_type=\"widget\" data-e-type=\"widget\" data-widget_type=\"heading.default\">\n\t\t\t\t<div class=\"elementor-widget-container\">\n\t\t\t\t\t<h2 class=\"elementor-heading-title elementor-size-default\">Tratamiento con Keratina<\/h2>\t\t\t\t<\/div>\n\t\t\t\t<\/div>\n\t\t\t\t<div class=\"elementor-element elementor-element-8410e9e elementor-widget elementor-widget-text-editor\" data-id=\"8410e9e\" data-element_type=\"widget\" data-e-type=\"widget\" data-widget_type=\"text-editor.default\">\n\t\t\t\t<div class=\"elementor-widget-container\">\n\t\t\t\t\t\t\t\t\t<p>Alisado progresivo, control de frizz y suavidad intensa. Recupera la salud y el brillo de tu cabello con resultados duraderos.<\/p>\t\t\t\t\t\t\t\t<\/div>\n\t\t\t\t<\/div>\n\t\t\t\t<\/div>\n\t\t\t\t<\/div>\n\t\t\t\t\t<\/div>\n\t\t\t\t<\/div>\n\t\t<div class=\"elementor-element elementor-element-936c197 e-flex e-con-boxed e-con e-parent\" data-id=\"936c197\" data-element_type=\"container\" data-e-type=\"container\" data-settings=\"{&quot;background_background&quot;:&quot;classic&quot;}\">\n\t\t\t\t\t<div class=\"e-con-inner\">\n\t\t\t\t<div class=\"elementor-element elementor-element-f3d85c4 elementor-cta--skin-cover elementor-animated-content elementor-bg-transform elementor-bg-transform-zoom-in elementor-widget elementor-widget-call-to-action\" data-id=\"f3d85c4\" data-element_type=\"widget\" data-e-type=\"widget\" data-widget_type=\"call-to-action.default\">\n\t\t\t\t<div class=\"elementor-widget-container\">\n\t\t\t\t\t\t\t<div class=\"elementor-cta\">\n\t\t\t\t\t<div class=\"elementor-cta__bg-wrapper\">\n\t\t\t\t<div class=\"elementor-cta__bg elementor-bg\" style=\"background-image: url(https:\/\/agpeluqueria.com\/wp-content\/uploads\/2025\/05\/6505-1024x574.jpg);\" role=\"img\" aria-label=\"6505\"><\/div>\n\t\t\t\t<div class=\"elementor-cta__bg-overlay\"><\/div>\n\t\t\t<\/div>\n\t\t\t\t\t\t\t<div class=\"elementor-cta__content\">\n\t\t\t\t\n\t\t\t\t\t\t\t\t\t<h2 class=\"elementor-cta__title elementor-cta__content-item elementor-content-item elementor-animated-item--grow\">\n\t\t\t\t\t\tTu pr\u00f3xima experiencia de belleza empieza aqu\u00ed.\t\t\t\t\t<\/h2>\n\t\t\t\t\n\t\t\t\t\t\t\t\t\t<div class=\"elementor-cta__description elementor-cta__content-item elementor-content-item elementor-animated-item--grow\">\n\t\t\t\t\t\tQueremos escucharte y ayudarte a encontrar el estilo y cuidado que mereces.\t\t\t\t\t<\/div>\n\t\t\t\t\n\t\t\t\t\t\t\t\t\t<div class=\"elementor-cta__button-wrapper elementor-cta__content-item elementor-content-item elementor-animated-item--grow\">\n\t\t\t\t\t<a class=\"elementor-cta__button elementor-button elementor-size-\" href=\"https:\/\/agpeluqueria.com\/index.php\/contactos\/\">\n\t\t\t\t\t\tCONTACTOS\t\t\t\t\t<\/a>\n\t\t\t\t\t<\/div>\n\t\t\t\t\t\t\t<\/div>\n\t\t\t\t\t\t<\/div>\n\t\t\t\t\t\t<\/div>\n\t\t\t\t<\/div>\n\t\t\t\t\t<\/div>\n\t\t\t\t<\/div>\n\t\t\t\t<\/div>","protected":false},"excerpt":{"rendered":"<p>Servicios Corte de Caballero Cortes modernos, cl\u00e1sicos o personalizados. Trabajamos con precisi\u00f3n para resaltar tus rasgos y mantener tu estilo fresco y actual. Corte para Dama Desde looks atrevidos hasta estilos elegantes. Escuchamos lo que quieres y te asesoramos para encontrar el corte que mejor te sienta. Corte Infantil Cortes para ni\u00f1o o ni\u00f1a en [&hellip;]<\/p>\n","protected":false},"author":1,"featured_media":0,"parent":0,"menu_order":0,"comment_status":"closed","ping_status":"closed","template":"elementor_canvas","meta":{"footnotes":""},"class_list":["post-12","page","type-page","status-publish","hentry"],"yoast_head":"<!-- This site is optimized with the Yoast SEO plugin v27.3 - https:\/\/yoast.com\/product\/yoast-seo-wordpress\/ -->\n<title>Servicios - Peluqueria Adonai Garay Salazar<\/title>\n<meta name=\"robots\" content=\"index, follow, max-snippet:-1, max-image-preview:large, max-video-preview:-1\" \/>\n<link rel=\"canonical\" href=\"https:\/\/agpeluqueria.com\/eu\/servicios\/\" \/>\n<meta property=\"og:locale\" content=\"en_US\" \/>\n<meta property=\"og:type\" content=\"article\" \/>\n<meta property=\"og:title\" content=\"Servicios - Peluqueria Adonai Garay Salazar\" \/>\n<meta property=\"og:description\" content=\"Servicios Corte de Caballero Cortes modernos, cl\u00e1sicos o personalizados. Trabajamos con precisi\u00f3n para resaltar tus rasgos y mantener tu estilo fresco y actual. Corte para Dama Desde looks atrevidos hasta estilos elegantes. Escuchamos lo que quieres y te asesoramos para encontrar el corte que mejor te sienta. Corte Infantil Cortes para ni\u00f1o o ni\u00f1a en [&hellip;]\" \/>\n<meta property=\"og:url\" content=\"https:\/\/agpeluqueria.com\/eu\/servicios\/\" \/>\n<meta property=\"og:site_name\" content=\"Peluqueria Adonai Garay Salazar\" \/>\n<meta property=\"article:modified_time\" content=\"2025-05-30T11:59:12+00:00\" \/>\n<meta name=\"twitter:card\" content=\"summary_large_image\" \/>\n<meta name=\"twitter:label1\" content=\"Est. reading time\" \/>\n\t<meta name=\"twitter:data1\" content=\"1 minutua\" \/>\n<script type=\"application\/ld+json\" class=\"yoast-schema-graph\">{\"@context\":\"https:\\\/\\\/schema.org\",\"@graph\":[{\"@type\":\"WebPage\",\"@id\":\"https:\\\/\\\/agpeluqueria.com\\\/servicios\\\/\",\"url\":\"https:\\\/\\\/agpeluqueria.com\\\/servicios\\\/\",\"name\":\"Servicios - Peluqueria Adonai Garay Salazar\",\"isPartOf\":{\"@id\":\"https:\\\/\\\/agpeluqueria.com\\\/#website\"},\"datePublished\":\"2025-05-30T09:41:20+00:00\",\"dateModified\":\"2025-05-30T11:59:12+00:00\",\"breadcrumb\":{\"@id\":\"https:\\\/\\\/agpeluqueria.com\\\/servicios\\\/#breadcrumb\"},\"inLanguage\":\"eu\",\"potentialAction\":[{\"@type\":\"ReadAction\",\"target\":[\"https:\\\/\\\/agpeluqueria.com\\\/servicios\\\/\"]}]},{\"@type\":\"BreadcrumbList\",\"@id\":\"https:\\\/\\\/agpeluqueria.com\\\/servicios\\\/#breadcrumb\",\"itemListElement\":[{\"@type\":\"ListItem\",\"position\":1,\"name\":\"Portada\",\"item\":\"https:\\\/\\\/agpeluqueria.com\\\/\"},{\"@type\":\"ListItem\",\"position\":2,\"name\":\"Servicios\"}]},{\"@type\":\"WebSite\",\"@id\":\"https:\\\/\\\/agpeluqueria.com\\\/#website\",\"url\":\"https:\\\/\\\/agpeluqueria.com\\\/\",\"name\":\"Peluqueria Adonai Garay Salazar\",\"description\":\"Servicio de Peluquer\u00eda\",\"publisher\":{\"@id\":\"https:\\\/\\\/agpeluqueria.com\\\/#organization\"},\"potentialAction\":[{\"@type\":\"SearchAction\",\"target\":{\"@type\":\"EntryPoint\",\"urlTemplate\":\"https:\\\/\\\/agpeluqueria.com\\\/?s={search_term_string}\"},\"query-input\":{\"@type\":\"PropertyValueSpecification\",\"valueRequired\":true,\"valueName\":\"search_term_string\"}}],\"inLanguage\":\"eu\"},{\"@type\":\"Organization\",\"@id\":\"https:\\\/\\\/agpeluqueria.com\\\/#organization\",\"name\":\"Peluqueria Adonai Garay Salazar\",\"url\":\"https:\\\/\\\/agpeluqueria.com\\\/\",\"logo\":{\"@type\":\"ImageObject\",\"inLanguage\":\"eu\",\"@id\":\"https:\\\/\\\/agpeluqueria.com\\\/#\\\/schema\\\/logo\\\/image\\\/\",\"url\":\"https:\\\/\\\/agpeluqueria.com\\\/wp-content\\\/uploads\\\/2025\\\/05\\\/cropped-Diseno-sin-titulo.png\",\"contentUrl\":\"https:\\\/\\\/agpeluqueria.com\\\/wp-content\\\/uploads\\\/2025\\\/05\\\/cropped-Diseno-sin-titulo.png\",\"width\":500,\"height\":322,\"caption\":\"Peluqueria Adonai Garay Salazar\"},\"image\":{\"@id\":\"https:\\\/\\\/agpeluqueria.com\\\/#\\\/schema\\\/logo\\\/image\\\/\"}}]}<\/script>\n<!-- \/ Yoast SEO plugin. -->","yoast_head_json":{"title":"Servicios - Peluqueria Adonai Garay Salazar","robots":{"index":"index","follow":"follow","max-snippet":"max-snippet:-1","max-image-preview":"max-image-preview:large","max-video-preview":"max-video-preview:-1"},"canonical":"https:\/\/agpeluqueria.com\/eu\/servicios\/","og_locale":"en_US","og_type":"article","og_title":"Servicios - Peluqueria Adonai Garay Salazar","og_description":"Servicios Corte de Caballero Cortes modernos, cl\u00e1sicos o personalizados. Trabajamos con precisi\u00f3n para resaltar tus rasgos y mantener tu estilo fresco y actual. Corte para Dama Desde looks atrevidos hasta estilos elegantes. Escuchamos lo que quieres y te asesoramos para encontrar el corte que mejor te sienta. Corte Infantil Cortes para ni\u00f1o o ni\u00f1a en [&hellip;]","og_url":"https:\/\/agpeluqueria.com\/eu\/servicios\/","og_site_name":"Peluqueria Adonai Garay Salazar","article_modified_time":"2025-05-30T11:59:12+00:00","twitter_card":"summary_large_image","twitter_misc":{"Est. reading time":"1 minutua"},"schema":{"@context":"https:\/\/schema.org","@graph":[{"@type":"WebPage","@id":"https:\/\/agpeluqueria.com\/servicios\/","url":"https:\/\/agpeluqueria.com\/servicios\/","name":"Servicios - Peluqueria Adonai Garay Salazar","isPartOf":{"@id":"https:\/\/agpeluqueria.com\/#website"},"datePublished":"2025-05-30T09:41:20+00:00","dateModified":"2025-05-30T11:59:12+00:00","breadcrumb":{"@id":"https:\/\/agpeluqueria.com\/servicios\/#breadcrumb"},"inLanguage":"eu","potentialAction":[{"@type":"ReadAction","target":["https:\/\/agpeluqueria.com\/servicios\/"]}]},{"@type":"BreadcrumbList","@id":"https:\/\/agpeluqueria.com\/servicios\/#breadcrumb","itemListElement":[{"@type":"ListItem","position":1,"name":"Portada","item":"https:\/\/agpeluqueria.com\/"},{"@type":"ListItem","position":2,"name":"Servicios"}]},{"@type":"WebSite","@id":"https:\/\/agpeluqueria.com\/#website","url":"https:\/\/agpeluqueria.com\/","name":"Peluqueria Adonai Garay Salazar","description":"Servicio de Peluquer\u00eda","publisher":{"@id":"https:\/\/agpeluqueria.com\/#organization"},"potentialAction":[{"@type":"SearchAction","target":{"@type":"EntryPoint","urlTemplate":"https:\/\/agpeluqueria.com\/?s={search_term_string}"},"query-input":{"@type":"PropertyValueSpecification","valueRequired":true,"valueName":"search_term_string"}}],"inLanguage":"eu"},{"@type":"Organization","@id":"https:\/\/agpeluqueria.com\/#organization","name":"Peluqueria Adonai Garay Salazar","url":"https:\/\/agpeluqueria.com\/","logo":{"@type":"ImageObject","inLanguage":"eu","@id":"https:\/\/agpeluqueria.com\/#\/schema\/logo\/image\/","url":"https:\/\/agpeluqueria.com\/wp-content\/uploads\/2025\/05\/cropped-Diseno-sin-titulo.png","contentUrl":"https:\/\/agpeluqueria.com\/wp-content\/uploads\/2025\/05\/cropped-Diseno-sin-titulo.png","width":500,"height":322,"caption":"Peluqueria Adonai Garay Salazar"},"image":{"@id":"https:\/\/agpeluqueria.com\/#\/schema\/logo\/image\/"}}]}},"_links":{"self":[{"href":"https:\/\/agpeluqueria.com\/eu\/wp-json\/wp\/v2\/pages\/12","targetHints":{"allow":["GET"]}}],"collection":[{"href":"https:\/\/agpeluqueria.com\/eu\/wp-json\/wp\/v2\/pages"}],"about":[{"href":"https:\/\/agpeluqueria.com\/eu\/wp-json\/wp\/v2\/types\/page"}],"author":[{"embeddable":true,"href":"https:\/\/agpeluqueria.com\/eu\/wp-json\/wp\/v2\/users\/1"}],"replies":[{"embeddable":true,"href":"https:\/\/agpeluqueria.com\/eu\/wp-json\/wp\/v2\/comments?post=12"}],"version-history":[{"count":31,"href":"https:\/\/agpeluqueria.com\/eu\/wp-json\/wp\/v2\/pages\/12\/revisions"}],"predecessor-version":[{"id":238,"href":"https:\/\/agpeluqueria.com\/eu\/wp-json\/wp\/v2\/pages\/12\/revisions\/238"}],"wp:attachment":[{"href":"https:\/\/agpeluqueria.com\/eu\/wp-json\/wp\/v2\/media?parent=12"}],"curies":[{"name":"wp","href":"https:\/\/api.w.org\/{rel}","templated":true}]}}