{"id":9,"date":"2025-05-30T09:37:29","date_gmt":"2025-05-30T09:37:29","guid":{"rendered":"https:\/\/agpeluqueria.rkinformatika.online\/?page_id=9"},"modified":"2025-06-04T10:50:38","modified_gmt":"2025-06-04T10:50:38","slug":"inicio","status":"publish","type":"page","link":"https:\/\/agpeluqueria.com\/eu\/","title":{"rendered":"Hasiera"},"content":{"rendered":"<div data-elementor-type=\"wp-page\" data-elementor-id=\"9\" class=\"elementor elementor-9\" data-elementor-post-type=\"page\">\n\t\t\t\t<div class=\"elementor-element elementor-element-5f94636 e-flex e-con-boxed e-con e-parent\" data-id=\"5f94636\" data-element_type=\"container\" data-e-type=\"container\" data-settings=\"{&quot;background_background&quot;:&quot;classic&quot;}\">\n\t\t\t\t\t<div class=\"e-con-inner\">\n\t\t\t\t<div class=\"elementor-element elementor-element-6ac9b1e elementor-invisible elementor-widget elementor-widget-heading\" data-id=\"6ac9b1e\" data-element_type=\"widget\" data-e-type=\"widget\" data-settings=\"{&quot;_animation&quot;:&quot;fadeInLeft&quot;}\" data-widget_type=\"heading.default\">\n\t\t\t\t<div class=\"elementor-widget-container\">\n\t\t\t\t\t<h2 class=\"elementor-heading-title elementor-size-default\">Edertasun Estudioa <\/h2>\t\t\t\t<\/div>\n\t\t\t\t<\/div>\n\t\t\t\t<div class=\"elementor-element elementor-element-454a1ce elementor-invisible elementor-widget elementor-widget-text-editor\" data-id=\"454a1ce\" data-element_type=\"widget\" data-e-type=\"widget\" data-settings=\"{&quot;_animation&quot;:&quot;fadeInUp&quot;}\" data-widget_type=\"text-editor.default\">\n\t\t\t\t<div class=\"elementor-widget-container\">\n\t\t\t\t\t\t\t\t\t<p>ADONAI GARAY<\/p>\t\t\t\t\t\t\t\t<\/div>\n\t\t\t\t<\/div>\n\t\t\t\t\t<\/div>\n\t\t\t\t<\/div>\n\t\t<div class=\"elementor-element elementor-element-a1a153d e-flex e-con-boxed e-con e-parent\" data-id=\"a1a153d\" data-element_type=\"container\" data-e-type=\"container\" data-settings=\"{&quot;background_background&quot;:&quot;classic&quot;}\">\n\t\t\t\t\t<div class=\"e-con-inner\">\n\t\t<div class=\"elementor-element elementor-element-a3e7930 e-con-full e-flex e-con e-child\" data-id=\"a3e7930\" data-element_type=\"container\" data-e-type=\"container\">\n\t\t\t\t<div class=\"elementor-element elementor-element-ad5e9f5 elementor-widget elementor-widget-heading\" data-id=\"ad5e9f5\" data-element_type=\"widget\" data-e-type=\"widget\" data-widget_type=\"heading.default\">\n\t\t\t\t<div class=\"elementor-widget-container\">\n\t\t\t\t\t<h2 class=\"elementor-heading-title elementor-size-default\">Pasioa eta ahalegina.<\/h2>\t\t\t\t<\/div>\n\t\t\t\t<\/div>\n\t\t\t\t<div class=\"elementor-element elementor-element-d8423fa elementor-widget elementor-widget-text-editor\" data-id=\"d8423fa\" data-element_type=\"widget\" data-e-type=\"widget\" data-widget_type=\"text-editor.default\">\n\t\t\t\t<div class=\"elementor-widget-container\">\n\t\t\t\t\t\t\t\t\t<p data-start=\"277\" data-end=\"474\">Deustuko bihotzean (Bilbo, Bizkaia) dagoen Adonai Garay Edertasun Estudioan edertasun areto bat baino askoz gehiago aurkituko duzu: dedikazio, pasio eta esfortzuz sortutako espazioa da.<\/p><p data-start=\"476\" data-end=\"920\">Adonai Garay naiz, estetika eta ile-apainketaren munduko ekintzaile eta profesionala. Ia 8 urte daramatzat autonomo gisa lanean, egunez egun zerbitzu pertsonalizatu, hurbil eta kalitatezko baten alde egiten. Bideak ekarri dituen erronkak gorabehera \u2014 COVID-19aren krisitik sektorearen lehia sendoraino eta merkatuaren gorabeheretaraino \u2014, hemen jarraitzen dut, tinko eta konprometituta nire azterketaren atetik sartzen den pertsona bakoitzarekin.<\/p>\t\t\t\t\t\t\t\t<\/div>\n\t\t\t\t<\/div>\n\t\t\t\t<\/div>\n\t\t<div class=\"elementor-element elementor-element-db22e55 e-con-full e-flex e-con e-child\" data-id=\"db22e55\" data-element_type=\"container\" data-e-type=\"container\">\n\t\t\t\t<div class=\"elementor-element elementor-element-c09ad18 elementor-widget elementor-widget-image\" data-id=\"c09ad18\" data-element_type=\"widget\" data-e-type=\"widget\" data-widget_type=\"image.default\">\n\t\t\t\t<div class=\"elementor-widget-container\">\n\t\t\t\t\t\t\t\t\t\t\t\t\t\t\t<img fetchpriority=\"high\" decoding=\"async\" width=\"800\" height=\"708\" src=\"https:\/\/agpeluqueria.com\/wp-content\/uploads\/2025\/05\/2148940878-1024x906.jpg\" class=\"attachment-large size-large wp-image-168\" alt=\"\" srcset=\"https:\/\/agpeluqueria.com\/wp-content\/uploads\/2025\/05\/2148940878-1024x906.jpg 1024w, https:\/\/agpeluqueria.com\/wp-content\/uploads\/2025\/05\/2148940878-300x265.jpg 300w, https:\/\/agpeluqueria.com\/wp-content\/uploads\/2025\/05\/2148940878-768x679.jpg 768w, https:\/\/agpeluqueria.com\/wp-content\/uploads\/2025\/05\/2148940878-14x12.jpg 14w, https:\/\/agpeluqueria.com\/wp-content\/uploads\/2025\/05\/2148940878.jpg 1500w\" sizes=\"(max-width: 800px) 100vw, 800px\" \/>\t\t\t\t\t\t\t\t\t\t\t\t\t\t\t<\/div>\n\t\t\t\t<\/div>\n\t\t\t\t<\/div>\n\t\t\t\t\t<\/div>\n\t\t\t\t<\/div>\n\t\t<div class=\"elementor-element elementor-element-357e9a2 e-flex e-con-boxed e-con e-parent\" data-id=\"357e9a2\" data-element_type=\"container\" data-e-type=\"container\" data-settings=\"{&quot;background_background&quot;:&quot;classic&quot;}\">\n\t\t\t\t\t<div class=\"e-con-inner\">\n\t\t\t\t<div class=\"elementor-element elementor-element-787ce5e elementor-cta--skin-cover elementor-animated-content elementor-bg-transform elementor-bg-transform-zoom-in elementor-widget elementor-widget-call-to-action\" data-id=\"787ce5e\" data-element_type=\"widget\" data-e-type=\"widget\" data-widget_type=\"call-to-action.default\">\n\t\t\t\t<div class=\"elementor-widget-container\">\n\t\t\t\t\t\t\t<div class=\"elementor-cta\">\n\t\t\t\t\t<div class=\"elementor-cta__bg-wrapper\">\n\t\t\t\t<div class=\"elementor-cta__bg elementor-bg\" style=\"background-image: url(https:\/\/agpeluqueria.com\/wp-content\/uploads\/2025\/05\/6505-1024x574.jpg);\" role=\"img\" aria-label=\"6505\"><\/div>\n\t\t\t\t<div class=\"elementor-cta__bg-overlay\"><\/div>\n\t\t\t<\/div>\n\t\t\t\t\t\t\t<div class=\"elementor-cta__content\">\n\t\t\t\t\n\t\t\t\t\t\t\t\t\t<h2 class=\"elementor-cta__title elementor-cta__content-item elementor-content-item elementor-animated-item--grow\">\n\t\t\t\t\t\tZure edertasuna, gure konpromisoa.\t\t\t\t\t<\/h2>\n\t\t\t\t\n\t\t\t\t\t\t\t\t\t<div class=\"elementor-cta__description elementor-cta__content-item elementor-content-item elementor-animated-item--grow\">\n\t\t\t\t\t\tLook aldaketa baten bila zabiltza edo pixka bat gehiago zaindu nahi duzu zeure burua?\t\t\t\t\t<\/div>\n\t\t\t\t\n\t\t\t\t\t\t\t\t\t<div class=\"elementor-cta__button-wrapper elementor-cta__content-item elementor-content-item elementor-animated-item--grow\">\n\t\t\t\t\t<a class=\"elementor-cta__button elementor-button elementor-size-\" href=\"https:\/\/agpeluqueria.com\/index.php\/servicios\/\">\n\t\t\t\t\t\tZERBITZUAK\t\t\t\t\t<\/a>\n\t\t\t\t\t<\/div>\n\t\t\t\t\t\t\t<\/div>\n\t\t\t\t\t\t<\/div>\n\t\t\t\t\t\t<\/div>\n\t\t\t\t<\/div>\n\t\t\t\t\t<\/div>\n\t\t\t\t<\/div>\n\t\t\t\t<\/div>","protected":false},"excerpt":{"rendered":"<p>Estudio de Belleza ADONAI GARAY Pasi\u00f3n y Esfuerzo. En Estudio de Belleza Adonai Garay, ubicado en el coraz\u00f3n de Deusto (Bilbao, Bizkaia), encontrar\u00e1s mucho m\u00e1s que un sal\u00f3n de belleza: es un espacio creado con dedicaci\u00f3n, pasi\u00f3n y esfuerzo. Soy Adonai Garay, emprendedor y profesional del mundo de la est\u00e9tica y la peluquer\u00eda. Llevo casi [&hellip;]<\/p>\n","protected":false},"author":1,"featured_media":0,"parent":0,"menu_order":0,"comment_status":"closed","ping_status":"closed","template":"elementor_canvas","meta":{"footnotes":""},"class_list":["post-9","page","type-page","status-publish","hentry"],"yoast_head":"<!-- This site is optimized with the Yoast SEO plugin v27.3 - https:\/\/yoast.com\/product\/yoast-seo-wordpress\/ -->\n<title>Inicio - Peluqueria Adonai Garay Salazar<\/title>\n<meta name=\"robots\" content=\"index, follow, max-snippet:-1, max-image-preview:large, max-video-preview:-1\" \/>\n<link rel=\"canonical\" href=\"https:\/\/agpeluqueria.com\/eu\/\" \/>\n<meta property=\"og:locale\" content=\"en_US\" \/>\n<meta property=\"og:type\" content=\"article\" \/>\n<meta property=\"og:title\" content=\"Inicio - Peluqueria Adonai Garay Salazar\" \/>\n<meta property=\"og:description\" content=\"Estudio de Belleza ADONAI GARAY Pasi\u00f3n y Esfuerzo. En Estudio de Belleza Adonai Garay, ubicado en el coraz\u00f3n de Deusto (Bilbao, Bizkaia), encontrar\u00e1s mucho m\u00e1s que un sal\u00f3n de belleza: es un espacio creado con dedicaci\u00f3n, pasi\u00f3n y esfuerzo. Soy Adonai Garay, emprendedor y profesional del mundo de la est\u00e9tica y la peluquer\u00eda. Llevo casi [&hellip;]\" \/>\n<meta property=\"og:url\" content=\"https:\/\/agpeluqueria.com\/eu\/\" \/>\n<meta property=\"og:site_name\" content=\"Peluqueria Adonai Garay Salazar\" \/>\n<meta property=\"article:modified_time\" content=\"2025-06-04T10:50:38+00:00\" \/>\n<meta property=\"og:image\" content=\"https:\/\/agpeluqueria.com\/wp-content\/uploads\/2025\/05\/2148940878.jpg\" \/>\n\t<meta property=\"og:image:width\" content=\"1500\" \/>\n\t<meta property=\"og:image:height\" content=\"1327\" \/>\n\t<meta property=\"og:image:type\" content=\"image\/jpeg\" \/>\n<meta name=\"twitter:card\" content=\"summary_large_image\" \/>\n<meta name=\"twitter:label1\" content=\"Est. reading time\" \/>\n\t<meta name=\"twitter:data1\" content=\"1 minutua\" \/>\n<script type=\"application\/ld+json\" class=\"yoast-schema-graph\">{\"@context\":\"https:\\\/\\\/schema.org\",\"@graph\":[{\"@type\":\"WebPage\",\"@id\":\"https:\\\/\\\/agpeluqueria.com\\\/\",\"url\":\"https:\\\/\\\/agpeluqueria.com\\\/\",\"name\":\"Inicio - Peluqueria Adonai Garay Salazar\",\"isPartOf\":{\"@id\":\"https:\\\/\\\/agpeluqueria.com\\\/#website\"},\"primaryImageOfPage\":{\"@id\":\"https:\\\/\\\/agpeluqueria.com\\\/#primaryimage\"},\"image\":{\"@id\":\"https:\\\/\\\/agpeluqueria.com\\\/#primaryimage\"},\"thumbnailUrl\":\"https:\\\/\\\/agpeluqueria.com\\\/wp-content\\\/uploads\\\/2025\\\/05\\\/2148940878-1024x906.jpg\",\"datePublished\":\"2025-05-30T09:37:29+00:00\",\"dateModified\":\"2025-06-04T10:50:38+00:00\",\"breadcrumb\":{\"@id\":\"https:\\\/\\\/agpeluqueria.com\\\/#breadcrumb\"},\"inLanguage\":\"eu\",\"potentialAction\":[{\"@type\":\"ReadAction\",\"target\":[\"https:\\\/\\\/agpeluqueria.com\\\/\"]}]},{\"@type\":\"ImageObject\",\"inLanguage\":\"eu\",\"@id\":\"https:\\\/\\\/agpeluqueria.com\\\/#primaryimage\",\"url\":\"https:\\\/\\\/agpeluqueria.com\\\/wp-content\\\/uploads\\\/2025\\\/05\\\/2148940878-1024x906.jpg\",\"contentUrl\":\"https:\\\/\\\/agpeluqueria.com\\\/wp-content\\\/uploads\\\/2025\\\/05\\\/2148940878-1024x906.jpg\"},{\"@type\":\"BreadcrumbList\",\"@id\":\"https:\\\/\\\/agpeluqueria.com\\\/#breadcrumb\",\"itemListElement\":[{\"@type\":\"ListItem\",\"position\":1,\"name\":\"Portada\",\"item\":\"https:\\\/\\\/agpeluqueria.com\\\/\"},{\"@type\":\"ListItem\",\"position\":2,\"name\":\"Inicio\"}]},{\"@type\":\"WebSite\",\"@id\":\"https:\\\/\\\/agpeluqueria.com\\\/#website\",\"url\":\"https:\\\/\\\/agpeluqueria.com\\\/\",\"name\":\"Peluqueria Adonai Garay Salazar\",\"description\":\"Servicio de Peluquer\u00eda\",\"publisher\":{\"@id\":\"https:\\\/\\\/agpeluqueria.com\\\/#organization\"},\"potentialAction\":[{\"@type\":\"SearchAction\",\"target\":{\"@type\":\"EntryPoint\",\"urlTemplate\":\"https:\\\/\\\/agpeluqueria.com\\\/?s={search_term_string}\"},\"query-input\":{\"@type\":\"PropertyValueSpecification\",\"valueRequired\":true,\"valueName\":\"search_term_string\"}}],\"inLanguage\":\"eu\"},{\"@type\":\"Organization\",\"@id\":\"https:\\\/\\\/agpeluqueria.com\\\/#organization\",\"name\":\"Peluqueria Adonai Garay Salazar\",\"url\":\"https:\\\/\\\/agpeluqueria.com\\\/\",\"logo\":{\"@type\":\"ImageObject\",\"inLanguage\":\"eu\",\"@id\":\"https:\\\/\\\/agpeluqueria.com\\\/#\\\/schema\\\/logo\\\/image\\\/\",\"url\":\"https:\\\/\\\/agpeluqueria.com\\\/wp-content\\\/uploads\\\/2025\\\/05\\\/cropped-Diseno-sin-titulo.png\",\"contentUrl\":\"https:\\\/\\\/agpeluqueria.com\\\/wp-content\\\/uploads\\\/2025\\\/05\\\/cropped-Diseno-sin-titulo.png\",\"width\":500,\"height\":322,\"caption\":\"Peluqueria Adonai Garay Salazar\"},\"image\":{\"@id\":\"https:\\\/\\\/agpeluqueria.com\\\/#\\\/schema\\\/logo\\\/image\\\/\"}}]}<\/script>\n<!-- \/ Yoast SEO plugin. -->","yoast_head_json":{"title":"Inicio - Peluqueria Adonai Garay Salazar","robots":{"index":"index","follow":"follow","max-snippet":"max-snippet:-1","max-image-preview":"max-image-preview:large","max-video-preview":"max-video-preview:-1"},"canonical":"https:\/\/agpeluqueria.com\/eu\/","og_locale":"en_US","og_type":"article","og_title":"Inicio - Peluqueria Adonai Garay Salazar","og_description":"Estudio de Belleza ADONAI GARAY Pasi\u00f3n y Esfuerzo. En Estudio de Belleza Adonai Garay, ubicado en el coraz\u00f3n de Deusto (Bilbao, Bizkaia), encontrar\u00e1s mucho m\u00e1s que un sal\u00f3n de belleza: es un espacio creado con dedicaci\u00f3n, pasi\u00f3n y esfuerzo. Soy Adonai Garay, emprendedor y profesional del mundo de la est\u00e9tica y la peluquer\u00eda. Llevo casi [&hellip;]","og_url":"https:\/\/agpeluqueria.com\/eu\/","og_site_name":"Peluqueria Adonai Garay Salazar","article_modified_time":"2025-06-04T10:50:38+00:00","og_image":[{"width":1500,"height":1327,"url":"https:\/\/agpeluqueria.com\/wp-content\/uploads\/2025\/05\/2148940878.jpg","type":"image\/jpeg"}],"twitter_card":"summary_large_image","twitter_misc":{"Est. reading time":"1 minutua"},"schema":{"@context":"https:\/\/schema.org","@graph":[{"@type":"WebPage","@id":"https:\/\/agpeluqueria.com\/","url":"https:\/\/agpeluqueria.com\/","name":"Inicio - Peluqueria Adonai Garay Salazar","isPartOf":{"@id":"https:\/\/agpeluqueria.com\/#website"},"primaryImageOfPage":{"@id":"https:\/\/agpeluqueria.com\/#primaryimage"},"image":{"@id":"https:\/\/agpeluqueria.com\/#primaryimage"},"thumbnailUrl":"https:\/\/agpeluqueria.com\/wp-content\/uploads\/2025\/05\/2148940878-1024x906.jpg","datePublished":"2025-05-30T09:37:29+00:00","dateModified":"2025-06-04T10:50:38+00:00","breadcrumb":{"@id":"https:\/\/agpeluqueria.com\/#breadcrumb"},"inLanguage":"eu","potentialAction":[{"@type":"ReadAction","target":["https:\/\/agpeluqueria.com\/"]}]},{"@type":"ImageObject","inLanguage":"eu","@id":"https:\/\/agpeluqueria.com\/#primaryimage","url":"https:\/\/agpeluqueria.com\/wp-content\/uploads\/2025\/05\/2148940878-1024x906.jpg","contentUrl":"https:\/\/agpeluqueria.com\/wp-content\/uploads\/2025\/05\/2148940878-1024x906.jpg"},{"@type":"BreadcrumbList","@id":"https:\/\/agpeluqueria.com\/#breadcrumb","itemListElement":[{"@type":"ListItem","position":1,"name":"Portada","item":"https:\/\/agpeluqueria.com\/"},{"@type":"ListItem","position":2,"name":"Inicio"}]},{"@type":"WebSite","@id":"https:\/\/agpeluqueria.com\/#website","url":"https:\/\/agpeluqueria.com\/","name":"Peluqueria Adonai Garay Salazar","description":"Servicio de Peluquer\u00eda","publisher":{"@id":"https:\/\/agpeluqueria.com\/#organization"},"potentialAction":[{"@type":"SearchAction","target":{"@type":"EntryPoint","urlTemplate":"https:\/\/agpeluqueria.com\/?s={search_term_string}"},"query-input":{"@type":"PropertyValueSpecification","valueRequired":true,"valueName":"search_term_string"}}],"inLanguage":"eu"},{"@type":"Organization","@id":"https:\/\/agpeluqueria.com\/#organization","name":"Peluqueria Adonai Garay Salazar","url":"https:\/\/agpeluqueria.com\/","logo":{"@type":"ImageObject","inLanguage":"eu","@id":"https:\/\/agpeluqueria.com\/#\/schema\/logo\/image\/","url":"https:\/\/agpeluqueria.com\/wp-content\/uploads\/2025\/05\/cropped-Diseno-sin-titulo.png","contentUrl":"https:\/\/agpeluqueria.com\/wp-content\/uploads\/2025\/05\/cropped-Diseno-sin-titulo.png","width":500,"height":322,"caption":"Peluqueria Adonai Garay Salazar"},"image":{"@id":"https:\/\/agpeluqueria.com\/#\/schema\/logo\/image\/"}}]}},"_links":{"self":[{"href":"https:\/\/agpeluqueria.com\/eu\/wp-json\/wp\/v2\/pages\/9","targetHints":{"allow":["GET"]}}],"collection":[{"href":"https:\/\/agpeluqueria.com\/eu\/wp-json\/wp\/v2\/pages"}],"about":[{"href":"https:\/\/agpeluqueria.com\/eu\/wp-json\/wp\/v2\/types\/page"}],"author":[{"embeddable":true,"href":"https:\/\/agpeluqueria.com\/eu\/wp-json\/wp\/v2\/users\/1"}],"replies":[{"embeddable":true,"href":"https:\/\/agpeluqueria.com\/eu\/wp-json\/wp\/v2\/comments?post=9"}],"version-history":[{"count":58,"href":"https:\/\/agpeluqueria.com\/eu\/wp-json\/wp\/v2\/pages\/9\/revisions"}],"predecessor-version":[{"id":252,"href":"https:\/\/agpeluqueria.com\/eu\/wp-json\/wp\/v2\/pages\/9\/revisions\/252"}],"wp:attachment":[{"href":"https:\/\/agpeluqueria.com\/eu\/wp-json\/wp\/v2\/media?parent=9"}],"curies":[{"name":"wp","href":"https:\/\/api.w.org\/{rel}","templated":true}]}}